{"id":1153,"date":"2026-04-20T16:38:07","date_gmt":"2026-04-20T14:38:07","guid":{"rendered":"https:\/\/carloslalvayestrada.com\/?page_id=1153"},"modified":"2026-04-20T22:24:01","modified_gmt":"2026-04-20T20:24:01","slug":"1153-2","status":"publish","type":"page","link":"https:\/\/carloslalvayestrada.com\/index.php\/1153-2\/","title":{"rendered":""},"content":{"rendered":"\n<figure class=\"wp-block-image size-full is-resized\"><a href=\"https:\/\/carloslalvayestrada.com\"><img decoding=\"async\" width=\"305\" height=\"77\" src=\"https:\/\/carloslalvayestrada.com\/wp-content\/uploads\/2026\/04\/trs_3-1.png\" alt=\"\" class=\"wp-image-1112\" style=\"width:135px;height:auto\" srcset=\"https:\/\/carloslalvayestrada.com\/wp-content\/uploads\/2026\/04\/trs_3-1.png 305w, https:\/\/carloslalvayestrada.com\/wp-content\/uploads\/2026\/04\/trs_3-1-300x76.png 300w\" sizes=\"(max-width: 305px) 100vw, 305px\" \/><\/a><\/figure>\n\n\n\n<div class=\"wp-block-stackable-text stk-block-text stk-block stk-7d3a9df\" data-block-id=\"7d3a9df\"><p class=\"stk-block-text__text\"><\/p><\/div>\n\n\n\n<div class=\"wp-block-uagb-info-box uagb-block-51599d3b uagb-infobox__content-wrap  uagb-infobox-icon-left-title uagb-infobox-left uagb-infobox-image-valign-top\"><div class=\"uagb-ifb-content\"><div class=\"uagb-ifb-left-title-image\"><div class=\"uagb-ifb-title-wrap\"><\/div><\/div><p class=\"uagb-ifb-desc\"><strong>Destejido<\/strong><br><em>installazione\/azione, pastello inciso su carta cotone, filo cotone, 2016<\/em><br>Monitoraggi &#8211; Sala Dogana &#8211; Genova<br><br><strong>Carlos Lalvay Estrada <\/strong>espone un&#8217;opera legata alla memoria della sua infanzia: l&#8217;attivit\u00e0 sartoriale della madre. Ma il lavoro cos\u00ec personale non scivola in un facile ammiccamento autobiografico, perch\u00e9 sceglie di elaborare il perdersi del filo della memoria, il suo fuoriuscire dal clich\u00e9 del ricordo. Emerge cos\u00ec una lucidit\u00e0 formale, quasi grafica, dotata di una fisicit\u00e0 a forte dose di astrazione.<br>                                                                                                                                                                              <strong>Cesare Viel.<\/strong><\/p><\/div><\/div>\n\n\n\n<figure class=\"wp-block-gallery has-nested-images columns-2 is-cropped ticss-103cf144 wp-block-gallery-1 is-layout-flex wp-block-gallery-is-layout-flex\">\n<figure data-wp-context=\"{&quot;imageId&quot;:&quot;69e76d47ad874&quot;}\" data-wp-interactive=\"core\/image\" data-wp-key=\"69e76d47ad874\" class=\"wp-block-image size-large is-style-default wp-lightbox-container\"><img fetchpriority=\"high\" decoding=\"async\" width=\"768\" height=\"1024\" data-wp-class--hide=\"state.isContentHidden\" data-wp-class--show=\"state.isContentVisible\" data-wp-init=\"callbacks.setButtonStyles\" data-wp-on--click=\"actions.showLightbox\" data-wp-on--load=\"callbacks.setButtonStyles\" data-wp-on-window--resize=\"callbacks.setButtonStyles\" data-id=\"1147\" src=\"https:\/\/carloslalvayestrada.com\/wp-content\/uploads\/2026\/04\/dstjd_dstjd-768x1024.jpg\" alt=\"\" class=\"wp-image-1147\" srcset=\"https:\/\/carloslalvayestrada.com\/wp-content\/uploads\/2026\/04\/dstjd_dstjd-768x1024.jpg 768w, https:\/\/carloslalvayestrada.com\/wp-content\/uploads\/2026\/04\/dstjd_dstjd-225x300.jpg 225w, https:\/\/carloslalvayestrada.com\/wp-content\/uploads\/2026\/04\/dstjd_dstjd-1152x1536.jpg 1152w, https:\/\/carloslalvayestrada.com\/wp-content\/uploads\/2026\/04\/dstjd_dstjd.jpg 1450w\" sizes=\"(max-width: 768px) 100vw, 768px\" \/><button\n\t\t\tclass=\"lightbox-trigger\"\n\t\t\ttype=\"button\"\n\t\t\taria-haspopup=\"dialog\"\n\t\t\taria-label=\"Ingrandisci\"\n\t\t\tdata-wp-init=\"callbacks.initTriggerButton\"\n\t\t\tdata-wp-on--click=\"actions.showLightbox\"\n\t\t\tdata-wp-style--right=\"state.imageButtonRight\"\n\t\t\tdata-wp-style--top=\"state.imageButtonTop\"\n\t\t>\n\t\t\t<svg xmlns=\"http:\/\/www.w3.org\/2000\/svg\" width=\"12\" height=\"12\" fill=\"none\" viewBox=\"0 0 12 12\">\n\t\t\t\t<path fill=\"#fff\" d=\"M2 0a2 2 0 0 0-2 2v2h1.5V2a.5.5 0 0 1 .5-.5h2V0H2Zm2 10.5H2a.5.5 0 0 1-.5-.5V8H0v2a2 2 0 0 0 2 2h2v-1.5ZM8 12v-1.5h2a.5.5 0 0 0 .5-.5V8H12v2a2 2 0 0 1-2 2H8Zm2-12a2 2 0 0 1 2 2v2h-1.5V2a.5.5 0 0 0-.5-.5H8V0h2Z\" \/>\n\t\t\t<\/svg>\n\t\t<\/button><\/figure>\n\n\n\n<figure data-wp-context=\"{&quot;imageId&quot;:&quot;69e76d47adcf4&quot;}\" data-wp-interactive=\"core\/image\" data-wp-key=\"69e76d47adcf4\" class=\"wp-block-image size-large wp-lightbox-container\"><img decoding=\"async\" width=\"768\" height=\"1024\" data-wp-class--hide=\"state.isContentHidden\" data-wp-class--show=\"state.isContentVisible\" data-wp-init=\"callbacks.setButtonStyles\" data-wp-on--click=\"actions.showLightbox\" data-wp-on--load=\"callbacks.setButtonStyles\" data-wp-on-window--resize=\"callbacks.setButtonStyles\" data-id=\"1136\" src=\"https:\/\/carloslalvayestrada.com\/wp-content\/uploads\/2026\/04\/corte_dstjd-768x1024.jpg\" alt=\"\" class=\"wp-image-1136\" srcset=\"https:\/\/carloslalvayestrada.com\/wp-content\/uploads\/2026\/04\/corte_dstjd-768x1024.jpg 768w, https:\/\/carloslalvayestrada.com\/wp-content\/uploads\/2026\/04\/corte_dstjd-225x300.jpg 225w, https:\/\/carloslalvayestrada.com\/wp-content\/uploads\/2026\/04\/corte_dstjd-1152x1536.jpg 1152w, https:\/\/carloslalvayestrada.com\/wp-content\/uploads\/2026\/04\/corte_dstjd.jpg 1450w\" sizes=\"(max-width: 768px) 100vw, 768px\" \/><button\n\t\t\tclass=\"lightbox-trigger\"\n\t\t\ttype=\"button\"\n\t\t\taria-haspopup=\"dialog\"\n\t\t\taria-label=\"Ingrandisci\"\n\t\t\tdata-wp-init=\"callbacks.initTriggerButton\"\n\t\t\tdata-wp-on--click=\"actions.showLightbox\"\n\t\t\tdata-wp-style--right=\"state.imageButtonRight\"\n\t\t\tdata-wp-style--top=\"state.imageButtonTop\"\n\t\t>\n\t\t\t<svg xmlns=\"http:\/\/www.w3.org\/2000\/svg\" width=\"12\" height=\"12\" fill=\"none\" viewBox=\"0 0 12 12\">\n\t\t\t\t<path fill=\"#fff\" d=\"M2 0a2 2 0 0 0-2 2v2h1.5V2a.5.5 0 0 1 .5-.5h2V0H2Zm2 10.5H2a.5.5 0 0 1-.5-.5V8H0v2a2 2 0 0 0 2 2h2v-1.5ZM8 12v-1.5h2a.5.5 0 0 0 .5-.5V8H12v2a2 2 0 0 1-2 2H8Zm2-12a2 2 0 0 1 2 2v2h-1.5V2a.5.5 0 0 0-.5-.5H8V0h2Z\" \/>\n\t\t\t<\/svg>\n\t\t<\/button><\/figure>\n\n\n\n<figure data-wp-context=\"{&quot;imageId&quot;:&quot;69e76d47ae0ea&quot;}\" data-wp-interactive=\"core\/image\" data-wp-key=\"69e76d47ae0ea\" class=\"wp-block-image size-large wp-lightbox-container\"><img loading=\"lazy\" decoding=\"async\" width=\"768\" height=\"1024\" data-wp-class--hide=\"state.isContentHidden\" data-wp-class--show=\"state.isContentVisible\" data-wp-init=\"callbacks.setButtonStyles\" data-wp-on--click=\"actions.showLightbox\" data-wp-on--load=\"callbacks.setButtonStyles\" data-wp-on-window--resize=\"callbacks.setButtonStyles\" data-id=\"1145\" src=\"https:\/\/carloslalvayestrada.com\/wp-content\/uploads\/2026\/04\/dstjd_a_-768x1024.jpg\" alt=\"\" class=\"wp-image-1145\" srcset=\"https:\/\/carloslalvayestrada.com\/wp-content\/uploads\/2026\/04\/dstjd_a_-768x1024.jpg 768w, https:\/\/carloslalvayestrada.com\/wp-content\/uploads\/2026\/04\/dstjd_a_-225x300.jpg 225w, https:\/\/carloslalvayestrada.com\/wp-content\/uploads\/2026\/04\/dstjd_a_-1152x1536.jpg 1152w, https:\/\/carloslalvayestrada.com\/wp-content\/uploads\/2026\/04\/dstjd_a_.jpg 1450w\" sizes=\"(max-width: 768px) 100vw, 768px\" \/><button\n\t\t\tclass=\"lightbox-trigger\"\n\t\t\ttype=\"button\"\n\t\t\taria-haspopup=\"dialog\"\n\t\t\taria-label=\"Ingrandisci\"\n\t\t\tdata-wp-init=\"callbacks.initTriggerButton\"\n\t\t\tdata-wp-on--click=\"actions.showLightbox\"\n\t\t\tdata-wp-style--right=\"state.imageButtonRight\"\n\t\t\tdata-wp-style--top=\"state.imageButtonTop\"\n\t\t>\n\t\t\t<svg xmlns=\"http:\/\/www.w3.org\/2000\/svg\" width=\"12\" height=\"12\" fill=\"none\" viewBox=\"0 0 12 12\">\n\t\t\t\t<path fill=\"#fff\" d=\"M2 0a2 2 0 0 0-2 2v2h1.5V2a.5.5 0 0 1 .5-.5h2V0H2Zm2 10.5H2a.5.5 0 0 1-.5-.5V8H0v2a2 2 0 0 0 2 2h2v-1.5ZM8 12v-1.5h2a.5.5 0 0 0 .5-.5V8H12v2a2 2 0 0 1-2 2H8Zm2-12a2 2 0 0 1 2 2v2h-1.5V2a.5.5 0 0 0-.5-.5H8V0h2Z\" \/>\n\t\t\t<\/svg>\n\t\t<\/button><\/figure>\n\n\n\n<figure data-wp-context=\"{&quot;imageId&quot;:&quot;69e76d47ae4be&quot;}\" data-wp-interactive=\"core\/image\" data-wp-key=\"69e76d47ae4be\" class=\"wp-block-image size-large is-style-default wp-lightbox-container\" style=\"margin-top:0;margin-right:0;margin-bottom:0;margin-left:0\"><img loading=\"lazy\" decoding=\"async\" width=\"768\" height=\"1024\" data-wp-class--hide=\"state.isContentHidden\" data-wp-class--show=\"state.isContentVisible\" data-wp-init=\"callbacks.setButtonStyles\" data-wp-on--click=\"actions.showLightbox\" data-wp-on--load=\"callbacks.setButtonStyles\" data-wp-on-window--resize=\"callbacks.setButtonStyles\" data-id=\"1137\" src=\"https:\/\/carloslalvayestrada.com\/wp-content\/uploads\/2026\/04\/detalle_dstjd-768x1024.jpg\" alt=\"\" class=\"wp-image-1137\" srcset=\"https:\/\/carloslalvayestrada.com\/wp-content\/uploads\/2026\/04\/detalle_dstjd-768x1024.jpg 768w, https:\/\/carloslalvayestrada.com\/wp-content\/uploads\/2026\/04\/detalle_dstjd-225x300.jpg 225w, https:\/\/carloslalvayestrada.com\/wp-content\/uploads\/2026\/04\/detalle_dstjd-1152x1536.jpg 1152w, https:\/\/carloslalvayestrada.com\/wp-content\/uploads\/2026\/04\/detalle_dstjd.jpg 1450w\" sizes=\"(max-width: 768px) 100vw, 768px\" \/><button\n\t\t\tclass=\"lightbox-trigger\"\n\t\t\ttype=\"button\"\n\t\t\taria-haspopup=\"dialog\"\n\t\t\taria-label=\"Ingrandisci\"\n\t\t\tdata-wp-init=\"callbacks.initTriggerButton\"\n\t\t\tdata-wp-on--click=\"actions.showLightbox\"\n\t\t\tdata-wp-style--right=\"state.imageButtonRight\"\n\t\t\tdata-wp-style--top=\"state.imageButtonTop\"\n\t\t>\n\t\t\t<svg xmlns=\"http:\/\/www.w3.org\/2000\/svg\" width=\"12\" height=\"12\" fill=\"none\" viewBox=\"0 0 12 12\">\n\t\t\t\t<path fill=\"#fff\" d=\"M2 0a2 2 0 0 0-2 2v2h1.5V2a.5.5 0 0 1 .5-.5h2V0H2Zm2 10.5H2a.5.5 0 0 1-.5-.5V8H0v2a2 2 0 0 0 2 2h2v-1.5ZM8 12v-1.5h2a.5.5 0 0 0 .5-.5V8H12v2a2 2 0 0 1-2 2H8Zm2-12a2 2 0 0 1 2 2v2h-1.5V2a.5.5 0 0 0-.5-.5H8V0h2Z\" \/>\n\t\t\t<\/svg>\n\t\t<\/button><\/figure>\n<\/figure>\n\n\n\n<div class=\"wp-block-uagb-info-box uagb-block-d4d040ef uagb-infobox__content-wrap  uagb-infobox-icon-left-title uagb-infobox-left uagb-infobox-image-valign-top\"><div class=\"uagb-ifb-content\"><div class=\"uagb-ifb-left-title-image\"><div class=\"uagb-ifb-title-wrap\"><\/div><\/div><p class=\"uagb-ifb-desc\"><br>Ho utilizzato pastelli a cera, neri e rosa, su carta di cotone. Successivamente, ho inciso la superficie con numerose linee, dalle quali ho fatto emergere lunghi fili rosa, di circa un metro e mezzo, che arrivavano fino al suolo. L\u2019opera \u00e8 stata esposta per quindici giorni in una mostra collettiva dell\u2019Accademia, a Genova.<br>Ogni giorno, durante il periodo dell\u2019esposizione, tagliavo un pezzo di filo con delle forbici. A volte, ad assistere a questo gesto, che per me aveva il valore di un vero e proprio rito, c\u2019era una persona cara. I fili tagliati si accumulavano lentamente, creando una massa che, simbolicamente, rappresentava i miei ricordi: la mia memoria dei quindici anni che allora avevo trascorso in Italia.<\/p><\/div><\/div>\n\n\n\n<p><\/p>\n","protected":false},"excerpt":{"rendered":"","protected":false},"author":1,"featured_media":0,"parent":0,"menu_order":0,"comment_status":"closed","ping_status":"closed","template":"","meta":{"_uag_custom_page_level_css":"","_themeisle_gutenberg_block_has_review":false,"footnotes":""},"class_list":["post-1153","page","type-page","status-publish","hentry"],"yoast_head":"<!-- This site is optimized with the Yoast SEO plugin v24.3 - https:\/\/yoast.com\/wordpress\/plugins\/seo\/ -->\n<title>- CARLOS LALVAY ESTRADA<\/title>\n<meta name=\"robots\" content=\"index, follow, max-snippet:-1, max-image-preview:large, max-video-preview:-1\" \/>\n<link rel=\"canonical\" href=\"https:\/\/carloslalvayestrada.com\/index.php\/1153-2\/\" \/>\n<meta property=\"og:locale\" content=\"it_IT\" \/>\n<meta property=\"og:type\" content=\"article\" \/>\n<meta property=\"og:title\" content=\"- CARLOS LALVAY ESTRADA\" \/>\n<meta property=\"og:url\" content=\"https:\/\/carloslalvayestrada.com\/index.php\/1153-2\/\" \/>\n<meta property=\"og:site_name\" content=\"CARLOS LALVAY ESTRADA\" \/>\n<meta property=\"article:modified_time\" content=\"2026-04-20T20:24:01+00:00\" \/>\n<meta property=\"og:image\" content=\"https:\/\/carloslalvayestrada.com\/wp-content\/uploads\/2026\/04\/trs_3-1.png\" \/>\n\t<meta property=\"og:image:width\" content=\"305\" \/>\n\t<meta property=\"og:image:height\" content=\"77\" \/>\n\t<meta property=\"og:image:type\" content=\"image\/png\" \/>\n<meta name=\"twitter:card\" content=\"summary_large_image\" \/>\n<script type=\"application\/ld+json\" class=\"yoast-schema-graph\">{\"@context\":\"https:\/\/schema.org\",\"@graph\":[{\"@type\":\"WebPage\",\"@id\":\"https:\/\/carloslalvayestrada.com\/index.php\/1153-2\/\",\"url\":\"https:\/\/carloslalvayestrada.com\/index.php\/1153-2\/\",\"name\":\"- CARLOS LALVAY ESTRADA\",\"isPartOf\":{\"@id\":\"https:\/\/carloslalvayestrada.com\/#website\"},\"primaryImageOfPage\":{\"@id\":\"https:\/\/carloslalvayestrada.com\/index.php\/1153-2\/#primaryimage\"},\"image\":{\"@id\":\"https:\/\/carloslalvayestrada.com\/index.php\/1153-2\/#primaryimage\"},\"thumbnailUrl\":\"https:\/\/carloslalvayestrada.com\/wp-content\/uploads\/2026\/04\/trs_3-1.png\",\"datePublished\":\"2026-04-20T14:38:07+00:00\",\"dateModified\":\"2026-04-20T20:24:01+00:00\",\"inLanguage\":\"it-IT\",\"potentialAction\":[{\"@type\":\"ReadAction\",\"target\":[\"https:\/\/carloslalvayestrada.com\/index.php\/1153-2\/\"]}]},{\"@type\":\"ImageObject\",\"inLanguage\":\"it-IT\",\"@id\":\"https:\/\/carloslalvayestrada.com\/index.php\/1153-2\/#primaryimage\",\"url\":\"https:\/\/carloslalvayestrada.com\/wp-content\/uploads\/2026\/04\/trs_3-1.png\",\"contentUrl\":\"https:\/\/carloslalvayestrada.com\/wp-content\/uploads\/2026\/04\/trs_3-1.png\",\"width\":305,\"height\":77},{\"@type\":\"WebSite\",\"@id\":\"https:\/\/carloslalvayestrada.com\/#website\",\"url\":\"https:\/\/carloslalvayestrada.com\/\",\"name\":\"carloslalvayestrada\",\"description\":\"\",\"potentialAction\":[{\"@type\":\"SearchAction\",\"target\":{\"@type\":\"EntryPoint\",\"urlTemplate\":\"https:\/\/carloslalvayestrada.com\/?s={search_term_string}\"},\"query-input\":{\"@type\":\"PropertyValueSpecification\",\"valueRequired\":true,\"valueName\":\"search_term_string\"}}],\"inLanguage\":\"it-IT\"}]}<\/script>\n<!-- \/ Yoast SEO plugin. -->","yoast_head_json":{"title":"- CARLOS LALVAY ESTRADA","robots":{"index":"index","follow":"follow","max-snippet":"max-snippet:-1","max-image-preview":"max-image-preview:large","max-video-preview":"max-video-preview:-1"},"canonical":"https:\/\/carloslalvayestrada.com\/index.php\/1153-2\/","og_locale":"it_IT","og_type":"article","og_title":"- CARLOS LALVAY ESTRADA","og_url":"https:\/\/carloslalvayestrada.com\/index.php\/1153-2\/","og_site_name":"CARLOS LALVAY ESTRADA","article_modified_time":"2026-04-20T20:24:01+00:00","og_image":[{"width":305,"height":77,"url":"https:\/\/carloslalvayestrada.com\/wp-content\/uploads\/2026\/04\/trs_3-1.png","type":"image\/png"}],"twitter_card":"summary_large_image","schema":{"@context":"https:\/\/schema.org","@graph":[{"@type":"WebPage","@id":"https:\/\/carloslalvayestrada.com\/index.php\/1153-2\/","url":"https:\/\/carloslalvayestrada.com\/index.php\/1153-2\/","name":"- CARLOS LALVAY ESTRADA","isPartOf":{"@id":"https:\/\/carloslalvayestrada.com\/#website"},"primaryImageOfPage":{"@id":"https:\/\/carloslalvayestrada.com\/index.php\/1153-2\/#primaryimage"},"image":{"@id":"https:\/\/carloslalvayestrada.com\/index.php\/1153-2\/#primaryimage"},"thumbnailUrl":"https:\/\/carloslalvayestrada.com\/wp-content\/uploads\/2026\/04\/trs_3-1.png","datePublished":"2026-04-20T14:38:07+00:00","dateModified":"2026-04-20T20:24:01+00:00","inLanguage":"it-IT","potentialAction":[{"@type":"ReadAction","target":["https:\/\/carloslalvayestrada.com\/index.php\/1153-2\/"]}]},{"@type":"ImageObject","inLanguage":"it-IT","@id":"https:\/\/carloslalvayestrada.com\/index.php\/1153-2\/#primaryimage","url":"https:\/\/carloslalvayestrada.com\/wp-content\/uploads\/2026\/04\/trs_3-1.png","contentUrl":"https:\/\/carloslalvayestrada.com\/wp-content\/uploads\/2026\/04\/trs_3-1.png","width":305,"height":77},{"@type":"WebSite","@id":"https:\/\/carloslalvayestrada.com\/#website","url":"https:\/\/carloslalvayestrada.com\/","name":"carloslalvayestrada","description":"","potentialAction":[{"@type":"SearchAction","target":{"@type":"EntryPoint","urlTemplate":"https:\/\/carloslalvayestrada.com\/?s={search_term_string}"},"query-input":{"@type":"PropertyValueSpecification","valueRequired":true,"valueName":"search_term_string"}}],"inLanguage":"it-IT"}]}},"uagb_featured_image_src":{"full":false,"thumbnail":false,"medium":false,"medium_large":false,"large":false,"1536x1536":false,"2048x2048":false},"uagb_author_info":{"display_name":"admin9640","author_link":"https:\/\/carloslalvayestrada.com\/index.php\/author\/admin9640\/"},"uagb_comment_info":0,"uagb_excerpt":null,"_links":{"self":[{"href":"https:\/\/carloslalvayestrada.com\/index.php\/wp-json\/wp\/v2\/pages\/1153","targetHints":{"allow":["GET"]}}],"collection":[{"href":"https:\/\/carloslalvayestrada.com\/index.php\/wp-json\/wp\/v2\/pages"}],"about":[{"href":"https:\/\/carloslalvayestrada.com\/index.php\/wp-json\/wp\/v2\/types\/page"}],"author":[{"embeddable":true,"href":"https:\/\/carloslalvayestrada.com\/index.php\/wp-json\/wp\/v2\/users\/1"}],"replies":[{"embeddable":true,"href":"https:\/\/carloslalvayestrada.com\/index.php\/wp-json\/wp\/v2\/comments?post=1153"}],"version-history":[{"count":20,"href":"https:\/\/carloslalvayestrada.com\/index.php\/wp-json\/wp\/v2\/pages\/1153\/revisions"}],"predecessor-version":[{"id":1299,"href":"https:\/\/carloslalvayestrada.com\/index.php\/wp-json\/wp\/v2\/pages\/1153\/revisions\/1299"}],"wp:attachment":[{"href":"https:\/\/carloslalvayestrada.com\/index.php\/wp-json\/wp\/v2\/media?parent=1153"}],"curies":[{"name":"wp","href":"https:\/\/api.w.org\/{rel}","templated":true}]}}